{"id":250,"date":"2026-03-02T20:00:17","date_gmt":"2026-03-02T19:00:17","guid":{"rendered":"https:\/\/rozwojnaprzyszlosc.pl\/?page_id=250"},"modified":"2026-03-02T20:10:03","modified_gmt":"2026-03-02T19:10:03","slug":"dostepnosc","status":"publish","type":"page","link":"http:\/\/rozwojnaprzyszlosc.pl\/?page_id=250","title":{"rendered":"Dost\u0119pno\u015b\u0107"},"content":{"rendered":"\t\t<div data-elementor-type=\"wp-page\" data-elementor-id=\"250\" class=\"elementor elementor-250\">\n\t\t\t\t<div class=\"elementor-element elementor-element-8cc9c5a e-flex e-con-boxed e-con e-parent\" data-id=\"8cc9c5a\" data-element_type=\"container\">\n\t\t\t\t\t<div class=\"e-con-inner\">\n\t\t\t\t<div class=\"elementor-element elementor-element-5dee890 elementor-widget elementor-widget-heading\" data-id=\"5dee890\" data-element_type=\"widget\" data-widget_type=\"heading.default\">\n\t\t\t\t<div class=\"elementor-widget-container\">\n\t\t\t<h2 class=\"elementor-heading-title elementor-size-default\"><p class=\"MsoNormal\"><b>Deklaracja dost\u0119pno\u015bci<\/br> Funduszu Rozwoju i Promocji\nWojew\u00f3dztwa Wielkopolskiego<\/b><\/p>\n\n<\/h2>\t\t<\/div>\n\t\t\t\t<\/div>\n\t\t\t\t\t<\/div>\n\t\t\t\t<\/div>\n\t\t<div class=\"elementor-element elementor-element-ff13ee7 e-flex e-con-boxed e-con e-parent\" data-id=\"ff13ee7\" data-element_type=\"container\">\n\t\t\t\t\t<div class=\"e-con-inner\">\n\t\t\t\t<div class=\"elementor-element elementor-element-620754c elementor-widget elementor-widget-text-editor\" data-id=\"620754c\" data-element_type=\"widget\" data-widget_type=\"text-editor.default\">\n\t\t\t\t<div class=\"elementor-widget-container\">\n\t\t\t\t\t\t\t<p class=\"MsoNormal\"><span style=\"color: #000000;\">adres korespondencyjny: 60-589 Pozna\u0144, ul. Pi\u0119kna 58<\/span><o:p><\/o:p><\/p><p class=\"MsoNormal\"><span style=\"color: #000000;\">telefon: (61) 671 04 81, (61) 671 04 82<\/span><o:p><\/o:p><\/p><p class=\"MsoNormal\"><span style=\"color: #000000;\">e-mail: biuro@fripww.pl<\/span><o:p><\/o:p><\/p>\t\t\t\t\t\t<\/div>\n\t\t\t\t<\/div>\n\t\t\t\t\t<\/div>\n\t\t\t\t<\/div>\n\t\t<div class=\"elementor-element elementor-element-24ddc28 e-flex e-con-boxed e-con e-parent\" data-id=\"24ddc28\" data-element_type=\"container\">\n\t\t\t\t\t<div class=\"e-con-inner\">\n\t\t\t\t<div class=\"elementor-element elementor-element-6339050 elementor-widget elementor-widget-text-editor\" data-id=\"6339050\" data-element_type=\"widget\" data-widget_type=\"text-editor.default\">\n\t\t\t\t<div class=\"elementor-widget-container\">\n\t\t\t\t\t\t\t<p><span style=\"color: #000000;\">Fundusz Rozwoju i Promocji Wojew\u00f3dztwa Wielkopolskiego <\/span><span style=\"color: #000000;\">zobowi\u0105zuje si\u0119 zapewni\u0107 dost\u0119pno\u015b\u0107 swojej strony internetowej zgodnie z <\/span><span style=\"color: #000000;\">przepisami ustawy z dnia 4 kwietnia 2019 r. o dost\u0119pno\u015bci <\/span><span style=\"color: #000000;\">cyfrowej stron internetowych i\u00a0aplikacji mobilnych podmiot\u00f3w publicznych.<\/span><br \/><span style=\"color: #000000;\">O\u015bwiadczenie w sprawie dost\u0119pno\u015bci ma zastosowanie do strony internetowej <\/span><span style=\"color: #000000;\">Funduszu Rozwoju i Promocji Wojew\u00f3dztwa Wielkopolskiego:\u00a0<a href=\"http:\/\/www.fripww.pl\/\" style=\"color: #000000;\">www.fripww.pl<\/a>.<\/span><o:p><\/o:p><\/p>\t\t\t\t\t\t<\/div>\n\t\t\t\t<\/div>\n\t\t\t\t\t<\/div>\n\t\t\t\t<\/div>\n\t\t<div class=\"elementor-element elementor-element-5d13e83 e-flex e-con-boxed e-con e-parent\" data-id=\"5d13e83\" data-element_type=\"container\">\n\t\t\t\t\t<div class=\"e-con-inner\">\n\t\t\t\t<div class=\"elementor-element elementor-element-2c01402 elementor-widget elementor-widget-text-editor\" data-id=\"2c01402\" data-element_type=\"widget\" data-widget_type=\"text-editor.default\">\n\t\t\t\t<div class=\"elementor-widget-container\">\n\t\t\t\t\t\t\t<p class=\"MsoNormal\"><b>Status pod wzgl\u0119dem zgodno\u015bci z ustaw\u0105:<o:p><\/o:p><\/b><\/p><p class=\"MsoNormal\">Strona internetowa jest\u00a0zgodna\u00a0z\u00a0ustaw\u0105 z dnia 4 kwietnia 2019 r. o\u00a0dost\u0119pno\u015bci cyfrowej stron internetowych i\u00a0aplikacji mobilnych podmiot\u00f3w.<o:p><\/o:p><\/p><p class=\"MsoNormal\"><b>\u00a0<\/b><\/p><p class=\"MsoNormal\"><b>Skr\u00f3ty klawiaturowe<o:p><\/o:p><\/b><\/p><p class=\"MsoNormal\">Strona nie wykorzystuje dedykowanych skr\u00f3t\u00f3w klawiszowych, dzia\u0142aj\u0105 tylko te wbudowane w przegl\u0105dark\u0119 internetow\u0105.<o:p><\/o:p><\/p><p class=\"MsoNormal\"><o:p>\u00a0<\/o:p><\/p><p class=\"MsoNormal\"><b>Informacje zwrotne i dane kontaktowe<o:p><\/o:p><\/b><\/p><p class=\"MsoNormal\">Problemy z dost\u0119pno\u015bci\u0105 cyfrow\u0105 tej strony internetowej lub zamieszczonych na niej tre\u015bci prosimy zg\u0142asza\u0107 na adres e-mail\u00a0<a href=\"mailto:biuro@fripww.pl\">biuro@fripww.pl<\/a>\u00a0lub telefonicznie (61) 671 04 81, (61) 671 04 82.\u00a0<o:p><\/o:p><\/p><p class=\"MsoNormal\">T\u0105 sam\u0105 drog\u0105 mo\u017cna sk\u0142ada\u0107 wnioski o udost\u0119pnienie informacji niedost\u0119pnej oraz sk\u0142ada\u0107 \u017c\u0105dania zapewnienia dost\u0119pno\u015bci.<o:p><\/o:p><\/p><p class=\"MsoNormal\"><o:p>\u00a0<\/o:p><\/p><p class=\"MsoNormal\"><b>Informacja na temat procedury zapewnienia dost\u0119pno\u015bci<o:p><\/o:p><\/b><\/p><p class=\"MsoNormal\">Ka\u017cdy ma prawo wyst\u0105pi\u0107 z \u017c\u0105daniem zapewnienia dost\u0119pno\u015bci cyfrowej tej strony internetowej lub jej element\u00f3w.<o:p><\/o:p><\/p><p class=\"MsoNormal\">Zg\u0142aszaj\u0105c takie \u017c\u0105danie podaj:<o:p><\/o:p><\/p><ul style=\"margin-top: 0cm;\" type=\"disc\"><li class=\"MsoNormal\">swoje imi\u0119 i nazwisko,<o:p><\/o:p><\/li><li class=\"MsoNormal\">swoje dane kontaktowe (np. numer telefonu, e-mail),<o:p><\/o:p><\/li><li class=\"MsoNormal\">dok\u0142adny adres strony internetowej, na kt\u00f3rej jest niedost\u0119pny cyfrowo element lub tre\u015b\u0107,<o:p><\/o:p><\/li><li class=\"MsoNormal\">opis na czym polega problem i jaki spos\u00f3b jego rozwi\u0105zania by\u0142by dla Ciebie najwygodniejszy.<o:p><\/o:p><\/li><\/ul><p class=\"MsoNormal\">Na Twoje zg\u0142oszenie odpowiemy najszybciej jak to mo\u017cliwe, nie p\u00f3\u017aniej ni\u017c w ci\u0105gu 7 dni od jego otrzymania.<o:p><\/o:p><\/p><p class=\"MsoNormal\">Je\u017celi ten termin b\u0119dzie dla nas zbyt kr\u00f3tki poinformujemy Ci\u0119 o tym. W tej informacji podamy nowy termin, do kt\u00f3rego poprawimy zg\u0142oszone przez Ciebie b\u0142\u0119dy lub przygotujemy informacje w alternatywny spos\u00f3b. Ten nowy termin nie b\u0119dzie d\u0142u\u017cszy ni\u017c 2 miesi\u0105ce.<o:p><\/o:p><\/p><p class=\"MsoNormal\">Je\u017celi nie b\u0119dziemy w stanie zapewni\u0107 dost\u0119pno\u015bci cyfrowej strony internetowej lub tre\u015bci, wskazanej w Twoim \u017c\u0105daniu, zaproponujemy Ci dost\u0119p do nich w alternatywny spos\u00f3b.<o:p><\/o:p><\/p><p class=\"MsoNormal\">Mo\u017cesz odm\u00f3wi\u0107 skorzystania z zaproponowanego sposobu alternatywnego dost\u0119pu do strony internetowej\/ aplikacji mobilnej lub ich element\u00f3w.<o:p><\/o:p><\/p><p class=\"MsoNormal\">Je\u017celi ocenisz, \u017ce nasza reakcja, spos\u00f3b zapewnienia dost\u0119pno\u015bci lub zaproponowany dost\u0119p alternatywny by\u0142yby niew\u0142a\u015bciwe, masz prawo z\u0142o\u017cy\u0107 na nas skarg\u0119.<o:p><\/o:p><\/p><p class=\"MsoNormal\"><b>Obs\u0142uga skarg zwi\u0105zanych z dost\u0119pno\u015bci\u0105<o:p><\/o:p><\/b><\/p><p class=\"MsoNormal\">Zgodnie z ustaw\u0105 z dnia 4 kwietnia 2019 r. o dost\u0119pno\u015bci cyfrowej stron internetowych i aplikacji mobilnych podmiot\u00f3w publicznych w przypadku, gdy podmiot publiczny odm\u00f3wi realizacji \u017c\u0105dania zapewnienia dost\u0119pno\u015bci lub alternatywnego sposobu dost\u0119pu do informacji, wnosz\u0105cy \u017c\u0105danie mo\u017cne z\u0142o\u017cy\u0107 skarg\u0119 w sprawie zapewniana dost\u0119pno\u015bci cyfrowej strony internetowej, aplikacji mobilnej lub elementu strony internetowej, lub aplikacji mobilnej.\u00a0<o:p><\/o:p><\/p><p class=\"MsoNormal\">Po wyczerpaniu wskazanej wy\u017cej procedury mo\u017cna tak\u017ce z\u0142o\u017cy\u0107 wniosek do Rzecznika Praw Obywatelskich. Link do strony internetowej\u00a0<a href=\"https:\/\/bip.brpo.gov.pl\/pl\">Rzecznika Praw Obywatelskich<\/a>.<o:p><\/o:p><\/p><p class=\"MsoNormal\"><o:p>\u00a0<\/o:p><\/p><p class=\"MsoNormal\"><b>Dost\u0119pno\u015b\u0107 architektoniczna\u00a0<o:p><\/o:p><\/b><b>Fundusz Rozwoju i Promocji Wojew\u00f3dztwa Wielkopolskiego S.A. ul. Pi\u0119kna 58, 60-589 Pozna\u0144<\/b><o:p><\/o:p><\/p><p class=\"MsoNormal\"><b>Dost\u0119pno\u015b\u0107 wej\u015bcia<o:p><\/o:p><\/b><\/p><p class=\"MsoNormal\">G\u0142\u00f3wne wej\u015bcie do budynku zlokalizowane jest od strony ul. Pi\u0119knej, wej\u015bcie jest po schodach. Drugie wej\u015bcie jest zlokalizowane na ty\u0142ach budynku (wej\u015bcie przez bram\u0119 znajduj\u0105c\u0105 si\u0119 po lewej stronie budynku). Wej\u015bcie przystosowane jest dla os\u00f3b niepe\u0142nosprawnych (pochylnia dla os\u00f3b niepe\u0142nosprawnych). Wej\u015bcia s\u0105 og\u00f3lnodost\u0119pne w godzinach pracy Sp\u00f3\u0142ki tj. od poniedzia\u0142ku do pi\u0105tku w godzinach od 08.00 do 16.00.<o:p><\/o:p><\/p><p class=\"MsoNormal\"><b>Dost\u0119pno\u015b\u0107 parkingu<o:p><\/o:p><\/b><\/p><p class=\"MsoNormal\">Sp\u00f3\u0142ka dysponuje miejscami parkingowymi dla klient\u00f3w znajduj\u0105cymi si\u0119 na froncie budynku oraz na ty\u0142ach (wjazd przez bram\u0119 znajduj\u0105c\u0105 si\u0119 po lewej stronie budynku).<o:p><\/o:p><\/p><p class=\"MsoNormal\"><b>Dost\u0119pno\u015b\u0107 budynku<o:p><\/o:p><\/b><\/p><p class=\"MsoNormal\">Wszystkie pomieszczenia dost\u0119pne dla klient\u00f3w zlokalizowane s\u0105 na czterech pi\u0119trach, na kt\u00f3re prowadz\u0105 schody, w budynku nie ma windy. Najni\u017csza kondygnacja przystosowana jest do obs\u0142ugi os\u00f3b niepe\u0142nosprawnych (wej\u015bcie od ty\u0142u budynku, pochylnia dla os\u00f3b niepe\u0142nosprawnych). Sekretariat znajduje si\u0119 na pierwszym pi\u0119trze. W celu kontaktu klienta z pracownikiem Sp\u00f3\u0142ki, Sekretariat informuje o przybyciu klienta na spotkanie i prosi pracownika o przej\u015bcie do sali spotka\u0144 lub bezpo\u015brednio do osoby niepe\u0142nosprawnej. Na ka\u017cdym pi\u0119trze znajduj\u0105 si\u0119 pomieszczenia higieniczno-sanitarne. Brak mo\u017cliwo\u015bci skorzystania z t\u0142umacza j\u0119zyka migowego na miejscu lub online. Do budynku mo\u017cna wej\u015b\u0107 z psem asystuj\u0105cym i psem przewodnikiem.<o:p><\/o:p><\/p><p class=\"MsoNormal\"><o:p>\u00a0<\/o:p><\/p><p class=\"MsoNormal\"><b>Fundusz Rozwoju i Promocji Wojew\u00f3dztwa Wielkopolskiego S.A. oddzia\u0142 w Pile, ul. Grunwaldzka 2, 64 \u2013 920 Pi\u0142a<\/b><o:p><\/o:p><\/p><p class=\"MsoNormal\"><b>Dost\u0119pno\u015b\u0107 wej\u015bcia<o:p><\/o:p><\/b><\/p><p class=\"MsoNormal\">G\u0142\u00f3wne wej\u015bcie do budynku zlokalizowane jest od strony ulicy Lotniczej. Przy g\u0142\u00f3wnym wej\u015bciu znajduje si\u0119 podjazd dla os\u00f3b ze szczeg\u00f3lnymi potrzebami. Wej\u015bcie jest og\u00f3lnodost\u0119pne w godzinach pracy Sp\u00f3\u0142ki, tj. od poniedzia\u0142ku do pi\u0105tku w godzinach od 08.00 do 16.00.<o:p><\/o:p><\/p><p class=\"MsoNormal\"><b>Dost\u0119pno\u015b\u0107 parkingu<o:p><\/o:p><\/b><\/p><p class=\"MsoNormal\">Na parkingu nie ma wyznaczonych miejsc parkingowych dla os\u00f3b z niepe\u0142nosprawno\u015bciami. Miejsca dla os\u00f3b niepe\u0142nosprawnych w bezpo\u015brednim s\u0105siedztwie budynku znajduj\u0105 si\u0119 w nast\u0119puj\u0105cych lokalizacjach:<o:p><\/o:p><\/p><p class=\"MsoNormal\">parking przy ul. Lotniczej: 2 miejsce parkingowe<o:p><\/o:p><\/p><p class=\"MsoNormal\">parking przy ul. Grunwaldzkiej: miejsca parkingowe<o:p><\/o:p><\/p><p class=\"MsoNormal\"><b>Dost\u0119pno\u015b\u0107 budynku<o:p><\/o:p><\/b><\/p><p class=\"MsoNormal\">Korytarze usytuowane w budynku s\u0105 szerokie i pozwalaj\u0105 na swobodne przemieszczanie si\u0119. Biuro Sp\u00f3\u0142ki zlokalizowane jest na parterze. Na parterze znajduje si\u0119 pomieszczenie higieniczno-sanitarne przystosowane dla os\u00f3b ze szczeg\u00f3lnymi potrzebami. Brak mo\u017cliwo\u015bci skorzystania z t\u0142umacza j\u0119zyka migowego na miejscu lub online. Do budynku (wej\u015bcie A i B) mo\u017cna wej\u015b\u0107 z psem asystuj\u0105cym i psem przewodnikiem.<o:p><\/o:p><\/p><div style=\"mso-element: para-border-div; border: none; border-bottom: solid windowtext 1.0pt; mso-border-bottom-alt: solid windowtext .75pt; padding: 0cm 0cm 1.0pt 0cm;\"><p class=\"MsoNormal\" style=\"border: none; mso-border-bottom-alt: solid windowtext .75pt; padding: 0cm; mso-padding-alt: 0cm 0cm 1.0pt 0cm;\"><o:p>\u00a0<\/o:p><\/p><\/div><p class=\"MsoNormal\"><b>Jak si\u0119 z\u00a0nami skontaktowa\u0107?<o:p><\/o:p><\/b><\/p><p style=\"margin: 0cm 0cm 7.5pt; text-indent: 18pt; background-image: initial; background-position: initial; background-size: initial; background-repeat: initial; background-attachment: initial; background-origin: initial; background-clip: initial;\"><span style=\"color: black; mso-color-alt: windowtext;\">Telefonicznie, dzwoni\u0105c pod\u00a0jeden z nr\u00a0tel.:<\/span><o:p><\/o:p><\/p><p style=\"margin: 0cm 0cm 7.5pt; text-indent: 18pt; background-image: initial; background-position: initial; background-size: initial; background-repeat: initial; background-attachment: initial; background-origin: initial; background-clip: initial;\"><span style=\"font-size: 10.5pt; font-family: Roboto; color: black; mso-color-alt: windowtext;\">+48 784 114\u00a0148<\/span><span style=\"font-size: 10.5pt; font-family: Roboto;\"><o:p><\/o:p><\/span><\/p><p style=\"margin: 0cm 0cm 7.5pt; text-indent: 18pt; background-image: initial; background-position: initial; background-size: initial; background-repeat: initial; background-attachment: initial; background-origin: initial; background-clip: initial;\"><span style=\"font-size: 10.5pt; font-family: Roboto; color: black; mso-color-alt: windowtext;\">+48 692 129\u00a0852<\/span><span style=\"font-size: 10.5pt; font-family: Roboto;\"><o:p><\/o:p><\/span><\/p><p class=\"has-text-align-left\" style=\"margin: 0cm 0cm 7.5pt; text-indent: 18pt; background-image: initial; background-position: initial; background-size: initial; background-repeat: initial; background-attachment: initial; background-origin: initial; background-clip: initial;\"><span style=\"font-size: 10.5pt; font-family: Roboto; color: black; mso-color-alt: windowtext;\">+48 538 426\u00a0877<\/span><span style=\"font-size: 10.5pt; font-family: Roboto;\"><o:p><\/o:p><\/span><\/p><p style=\"margin: 0cm 0cm 7.5pt 36pt; text-indent: -18pt; background-image: initial; background-position: initial; background-size: initial; background-repeat: initial; background-attachment: initial; background-origin: initial; background-clip: initial;\"><!-- [if !supportLists]--><span style=\"font-size: 10.5pt; font-family: Symbol; mso-fareast-font-family: Symbol; mso-bidi-font-family: Symbol;\">\u00b7<span style=\"font-variant-numeric: normal; font-variant-east-asian: normal; font-variant-alternates: normal; font-size-adjust: none; font-language-override: normal; font-kerning: auto; font-optical-sizing: auto; font-feature-settings: normal; font-variation-settings: normal; font-variant-position: normal; font-variant-emoji: normal; font-stretch: normal; font-size: 7pt; line-height: normal; font-family: 'Times New Roman';\">\u00a0\u00a0\u00a0\u00a0\u00a0\u00a0\u00a0\u00a0 <\/span><\/span><!--[endif]--><span style=\"color: black; mso-color-alt: windowtext;\">Wysy\u0142aj\u0105c wiadomo\u015b\u0107 SMS\/MMS pod\u00a0numer: <\/span><span style=\"font-size: 10.5pt; font-family: Roboto; color: black; mso-color-alt: windowtext;\">+48 784 114\u00a0148 lub +48 692 129\u00a0852<\/span><span style=\"font-size: 10.5pt; font-family: Roboto;\"><o:p><\/o:p><\/span><\/p><ul style=\"margin-top: 0cm;\" type=\"disc\"><li class=\"MsoNormal\">E-mailowo, wysy\u0142aj\u0105c e-mail na\u00a0adres: <a href=\"mailto:rozwoj@fripww.pl\">rozwoj@fripww.pl<\/a><o:p><\/o:p><\/li><\/ul><p class=\"MsoNormal\" style=\"margin-left: 36.0pt;\"><o:p>\u00a0<\/o:p><\/p><p class=\"MsoNormal\"><b>Jak si\u0119 z\u00a0nami spotka\u0107?<o:p><\/o:p><\/b><\/p><p class=\"MsoNormal\">Po\u00a0wcze\u015bniejszym um\u00f3wieniu mo\u017cna si\u0119 z\u00a0nami spotka\u0107:<o:p><\/o:p><\/p><p><\/p><ul style=\"margin-top: 0cm;\" type=\"disc\"><li class=\"MsoNormal\">osobi\u015bcie \u2013 w\u00a0Pile, przy ul. Grunwaldzkiej 2 pok\u00f3j 5;<o:p><\/o:p><\/li><li class=\"MsoNormal\">online \u2013 z\u00a0wykorzystaniem strony internetowej https:\/\/rozwojnaprzyszlosc.pl\/\u00a0 \u00a0 \u00a0\u00a0<o:p><\/o:p><\/li><\/ul>\t\t\t\t\t\t<\/div>\n\t\t\t\t<\/div>\n\t\t\t\t\t<\/div>\n\t\t\t\t<\/div>\n\t\t\t\t<\/div>\n\t\t","protected":false},"excerpt":{"rendered":"<p>Deklaracja dost\u0119pno\u015bci Funduszu Rozwoju i Promocji Wojew\u00f3dztwa Wielkopolskiego adres korespondencyjny: 60-589 Pozna\u0144, ul. Pi\u0119kna 58 telefon: (61) 671 04 81, (61) 671 04 82 e-mail: biuro@fripww.pl Fundusz Rozwoju i Promocji Wojew\u00f3dztwa Wielkopolskiego zobowi\u0105zuje si\u0119 zapewni\u0107 dost\u0119pno\u015b\u0107 swojej strony internetowej zgodnie z przepisami ustawy z dnia 4 kwietnia 2019 r. o [&hellip;]<\/p>\n","protected":false},"author":1,"featured_media":0,"parent":0,"menu_order":0,"comment_status":"closed","ping_status":"closed","template":"page-templates\/template-pagebuilder-full-width.php","meta":{"footnotes":""},"class_list":["post-250","page","type-page","status-publish","hentry"],"yoast_head":"<!-- This site is optimized with the Yoast SEO plugin v23.7 - https:\/\/yoast.com\/wordpress\/plugins\/seo\/ -->\n<title>Dost\u0119pno\u015b\u0107 -<\/title>\n<meta name=\"robots\" content=\"index, follow, max-snippet:-1, max-image-preview:large, max-video-preview:-1\" \/>\n<link rel=\"canonical\" href=\"http:\/\/rozwojnaprzyszlosc.pl\/?page_id=250\" \/>\n<meta property=\"og:locale\" content=\"en_US\" \/>\n<meta property=\"og:type\" content=\"article\" \/>\n<meta property=\"og:title\" content=\"Dost\u0119pno\u015b\u0107 -\" \/>\n<meta property=\"og:description\" content=\"Deklaracja dost\u0119pno\u015bci Funduszu Rozwoju i Promocji Wojew\u00f3dztwa Wielkopolskiego adres korespondencyjny: 60-589 Pozna\u0144, ul. Pi\u0119kna 58 telefon: (61) 671 04 81, (61) 671 04 82 e-mail: biuro@fripww.pl Fundusz Rozwoju i Promocji Wojew\u00f3dztwa Wielkopolskiego zobowi\u0105zuje si\u0119 zapewni\u0107 dost\u0119pno\u015b\u0107 swojej strony internetowej zgodnie z przepisami ustawy z dnia 4 kwietnia 2019 r. o [&hellip;]\" \/>\n<meta property=\"og:url\" content=\"http:\/\/rozwojnaprzyszlosc.pl\/?page_id=250\" \/>\n<meta property=\"article:modified_time\" content=\"2026-03-02T19:10:03+00:00\" \/>\n<meta name=\"twitter:card\" content=\"summary_large_image\" \/>\n<meta name=\"twitter:label1\" content=\"Est. reading time\" \/>\n\t<meta name=\"twitter:data1\" content=\"6 minutes\" \/>\n<script type=\"application\/ld+json\" class=\"yoast-schema-graph\">{\"@context\":\"https:\/\/schema.org\",\"@graph\":[{\"@type\":\"WebPage\",\"@id\":\"http:\/\/rozwojnaprzyszlosc.pl\/?page_id=250\",\"url\":\"http:\/\/rozwojnaprzyszlosc.pl\/?page_id=250\",\"name\":\"Dost\u0119pno\u015b\u0107 -\",\"isPartOf\":{\"@id\":\"https:\/\/rozwojnaprzyszlosc.pl\/#website\"},\"datePublished\":\"2026-03-02T19:00:17+00:00\",\"dateModified\":\"2026-03-02T19:10:03+00:00\",\"breadcrumb\":{\"@id\":\"http:\/\/rozwojnaprzyszlosc.pl\/?page_id=250#breadcrumb\"},\"inLanguage\":\"en-US\",\"potentialAction\":[{\"@type\":\"ReadAction\",\"target\":[\"http:\/\/rozwojnaprzyszlosc.pl\/?page_id=250\"]}]},{\"@type\":\"BreadcrumbList\",\"@id\":\"http:\/\/rozwojnaprzyszlosc.pl\/?page_id=250#breadcrumb\",\"itemListElement\":[{\"@type\":\"ListItem\",\"position\":1,\"name\":\"Home\",\"item\":\"https:\/\/rozwojnaprzyszlosc.pl\/\"},{\"@type\":\"ListItem\",\"position\":2,\"name\":\"Dost\u0119pno\u015b\u0107\"}]},{\"@type\":\"WebSite\",\"@id\":\"https:\/\/rozwojnaprzyszlosc.pl\/#website\",\"url\":\"https:\/\/rozwojnaprzyszlosc.pl\/\",\"name\":\"\",\"description\":\"\",\"potentialAction\":[{\"@type\":\"SearchAction\",\"target\":{\"@type\":\"EntryPoint\",\"urlTemplate\":\"https:\/\/rozwojnaprzyszlosc.pl\/?s={search_term_string}\"},\"query-input\":{\"@type\":\"PropertyValueSpecification\",\"valueRequired\":true,\"valueName\":\"search_term_string\"}}],\"inLanguage\":\"en-US\"}]}<\/script>\n<!-- \/ Yoast SEO plugin. -->","yoast_head_json":{"title":"Dost\u0119pno\u015b\u0107 -","robots":{"index":"index","follow":"follow","max-snippet":"max-snippet:-1","max-image-preview":"max-image-preview:large","max-video-preview":"max-video-preview:-1"},"canonical":"http:\/\/rozwojnaprzyszlosc.pl\/?page_id=250","og_locale":"en_US","og_type":"article","og_title":"Dost\u0119pno\u015b\u0107 -","og_description":"Deklaracja dost\u0119pno\u015bci Funduszu Rozwoju i Promocji Wojew\u00f3dztwa Wielkopolskiego adres korespondencyjny: 60-589 Pozna\u0144, ul. Pi\u0119kna 58 telefon: (61) 671 04 81, (61) 671 04 82 e-mail: biuro@fripww.pl Fundusz Rozwoju i Promocji Wojew\u00f3dztwa Wielkopolskiego zobowi\u0105zuje si\u0119 zapewni\u0107 dost\u0119pno\u015b\u0107 swojej strony internetowej zgodnie z przepisami ustawy z dnia 4 kwietnia 2019 r. o [&hellip;]","og_url":"http:\/\/rozwojnaprzyszlosc.pl\/?page_id=250","article_modified_time":"2026-03-02T19:10:03+00:00","twitter_card":"summary_large_image","twitter_misc":{"Est. reading time":"6 minutes"},"schema":{"@context":"https:\/\/schema.org","@graph":[{"@type":"WebPage","@id":"http:\/\/rozwojnaprzyszlosc.pl\/?page_id=250","url":"http:\/\/rozwojnaprzyszlosc.pl\/?page_id=250","name":"Dost\u0119pno\u015b\u0107 -","isPartOf":{"@id":"https:\/\/rozwojnaprzyszlosc.pl\/#website"},"datePublished":"2026-03-02T19:00:17+00:00","dateModified":"2026-03-02T19:10:03+00:00","breadcrumb":{"@id":"http:\/\/rozwojnaprzyszlosc.pl\/?page_id=250#breadcrumb"},"inLanguage":"en-US","potentialAction":[{"@type":"ReadAction","target":["http:\/\/rozwojnaprzyszlosc.pl\/?page_id=250"]}]},{"@type":"BreadcrumbList","@id":"http:\/\/rozwojnaprzyszlosc.pl\/?page_id=250#breadcrumb","itemListElement":[{"@type":"ListItem","position":1,"name":"Home","item":"https:\/\/rozwojnaprzyszlosc.pl\/"},{"@type":"ListItem","position":2,"name":"Dost\u0119pno\u015b\u0107"}]},{"@type":"WebSite","@id":"https:\/\/rozwojnaprzyszlosc.pl\/#website","url":"https:\/\/rozwojnaprzyszlosc.pl\/","name":"","description":"","potentialAction":[{"@type":"SearchAction","target":{"@type":"EntryPoint","urlTemplate":"https:\/\/rozwojnaprzyszlosc.pl\/?s={search_term_string}"},"query-input":{"@type":"PropertyValueSpecification","valueRequired":true,"valueName":"search_term_string"}}],"inLanguage":"en-US"}]}},"_links":{"self":[{"href":"http:\/\/rozwojnaprzyszlosc.pl\/index.php?rest_route=\/wp\/v2\/pages\/250","targetHints":{"allow":["GET"]}}],"collection":[{"href":"http:\/\/rozwojnaprzyszlosc.pl\/index.php?rest_route=\/wp\/v2\/pages"}],"about":[{"href":"http:\/\/rozwojnaprzyszlosc.pl\/index.php?rest_route=\/wp\/v2\/types\/page"}],"author":[{"embeddable":true,"href":"http:\/\/rozwojnaprzyszlosc.pl\/index.php?rest_route=\/wp\/v2\/users\/1"}],"replies":[{"embeddable":true,"href":"http:\/\/rozwojnaprzyszlosc.pl\/index.php?rest_route=%2Fwp%2Fv2%2Fcomments&post=250"}],"version-history":[{"count":7,"href":"http:\/\/rozwojnaprzyszlosc.pl\/index.php?rest_route=\/wp\/v2\/pages\/250\/revisions"}],"predecessor-version":[{"id":257,"href":"http:\/\/rozwojnaprzyszlosc.pl\/index.php?rest_route=\/wp\/v2\/pages\/250\/revisions\/257"}],"wp:attachment":[{"href":"http:\/\/rozwojnaprzyszlosc.pl\/index.php?rest_route=%2Fwp%2Fv2%2Fmedia&parent=250"}],"curies":[{"name":"wp","href":"https:\/\/api.w.org\/{rel}","templated":true}]}}