{"id":32,"date":"2024-10-25T12:34:32","date_gmt":"2024-10-25T10:34:32","guid":{"rendered":"https:\/\/rozwojnaprzyszlosc.pl\/?page_id=32"},"modified":"2024-10-25T14:08:31","modified_gmt":"2024-10-25T12:08:31","slug":"strona-glowna","status":"publish","type":"page","link":"http:\/\/rozwojnaprzyszlosc.pl\/","title":{"rendered":"Strona g\u0142\u00f3wna"},"content":{"rendered":"\n<div class=\"wp-block-cover alignfull is-light hestia-clear-top-padding\"><span aria-hidden=\"true\" class=\"wp-block-cover__background has-white-background-color has-background-dim-100 has-background-dim\"><\/span><div class=\"wp-block-cover__inner-container is-layout-flow wp-block-cover-is-layout-flow\">\n<h2 class=\"wp-block-heading has-text-align-center has-text-color\" style=\"color:#3c4858\">Podstawowe informacje<\/h2>\n\n\n\n<div style=\"height:40px\" aria-hidden=\"true\" class=\"wp-block-spacer\"><\/div>\n\n\n\n<div class=\"wp-block-columns container is-layout-flex wp-container-core-columns-is-layout-28f84493 wp-block-columns-is-layout-flex\">\n<div class=\"wp-block-column is-layout-flow wp-block-column-is-layout-flow\"><div class=\"wp-block-image\">\n<figure class=\"aligncenter size-large\"><img decoding=\"async\" src=\"https:\/\/rozwojnaprzyszlosc.pl\/wp-content\/themes\/hestia\/assets\/img\/feat1.png\" alt=\"\" class=\"wp-image-70\"\/><\/figure>\n<\/div>\n\n\n<h5 class=\"wp-block-heading has-text-align-center has-text-color\" style=\"color:#3c4858;font-size:18px\">Grupa docelowa?<\/h5>\n\n\n\n<p class=\"has-text-align-left has-text-color\" style=\"color:#999999;font-size:14px\">2080 os\u00f3b doros\u0142ych (1061 kobiet i 1019 m\u0119\u017cczyzn), kt\u00f3re z w\u0142asnej inicjatywy chc\u0105 podnie\u015b\u0107 swoje umiej\u0119tno\u015bci\/kompetencje lub naby\u0107 kwalifikacje okre\u015blone w Zintegrowanym Systemie Kwalifikacji lub przekwalifikowa\u0107 si\u0119 w zwi\u0105zku ze zmianami w gospodarce m.in.: z rozwoju technologii, zielonej i cyfrowej transformacji oraz nowych potrzeb rynku pracy z podregionu pilskiego &#8211; powiaty: chodzieski, czarnkowsko-trzcianecki pilski, w\u0105growiecki, z\u0142otowski.<\/p>\n\n\n\n<p class=\"has-text-align-center has-text-color\" style=\"color:#999999;font-size:14px\"><\/p>\n\n\n\n<div style=\"height:25px\" aria-hidden=\"true\" class=\"wp-block-spacer\"><\/div>\n<\/div>\n\n\n\n<div class=\"wp-block-column is-layout-flow wp-block-column-is-layout-flow\"><div class=\"wp-block-image\">\n<figure class=\"aligncenter size-large\"><img decoding=\"async\" src=\"https:\/\/rozwojnaprzyszlosc.pl\/wp-content\/themes\/hestia\/assets\/img\/feat2.png\" alt=\"\" class=\"wp-image-71\"\/><\/figure>\n<\/div>\n\n\n<h5 class=\"wp-block-heading has-text-align-center has-text-color\" style=\"color:#3c4858;font-size:18px\">Jakie s\u0105 cele projektu?<\/h5>\n\n\n\n<p class=\"has-text-align-left has-text-color\" style=\"color:#999999;font-size:14px\">Celem projektu jest uzyskanie lub podniesienie kwalifikacji lub kompetencji, z w\u0142asnej inicjatywy, przez 2080 os\u00f3b doros\u0142ych (1061 kobiet i 1019 m\u0119\u017cczyzn), dostosowuj\u0105c do zmian w gospodarce wynikaj\u0105cymi m.in.: z rozwoju technologii, zielonej i cyfrowej transformacji oraz nowych potrzeb rynku pracy i wspieranie mobilno\u015bci zawodowej.<\/p>\n\n\n\n<div style=\"height:25px\" aria-hidden=\"true\" class=\"wp-block-spacer\"><\/div>\n<\/div>\n\n\n\n<div class=\"wp-block-column is-layout-flow wp-block-column-is-layout-flow\"><div class=\"wp-block-image\">\n<figure class=\"aligncenter size-large\"><img decoding=\"async\" src=\"https:\/\/rozwojnaprzyszlosc.pl\/wp-content\/themes\/hestia\/assets\/img\/feat3.png\" alt=\"\" class=\"wp-image-72\"\/><\/figure>\n<\/div>\n\n\n<h5 class=\"wp-block-heading has-text-align-center has-text-color\" style=\"color:#3c4858;font-size:18px\">Z czego mo\u017cna skorzysta\u0107?<\/h5>\n\n\n\n<p class=\"has-text-align-left has-text-color\" style=\"color:#999999;font-size:14px\">Wsparcie rozwojowe realizowane b\u0119dzie przez udzielenie:<br>Us\u0142ug rozwojowych pozwalaj\u0105cych m.in. na adaptacj\u0119 do zmian w gospodarce, w tym w zakresie rozwoju technologii, zielonej i cyfrowej transformacji oraz nowych potrzeb rynku pracy;<br>Us\u0142ug rozwojowych przez Baz\u0119 Us\u0142ug Rozwojowych dla os\u00f3b kt\u00f3re chc\u0105 podnie\u015b\u0107 swoje umiej\u0119tno\u015bci\/kompetencje lub naby\u0107 kwalifikacje;<br>Dodatkowe wsparcie \u2013 doradztwo \u015bwiadczone przez Operatora<\/p>\n\n\n\n<p class=\"has-text-align-left has-text-color\" style=\"color:#999999;font-size:14px\"><\/p>\n\n\n\n<p class=\"has-text-align-center has-text-color\" style=\"color:#999999;font-size:14px\"><\/p>\n\n\n\n<div style=\"height:25px\" aria-hidden=\"true\" class=\"wp-block-spacer\"><\/div>\n<\/div>\n<\/div>\n\n\n\n<div style=\"height:40px\" aria-hidden=\"true\" class=\"wp-block-spacer\"><\/div>\n<\/div><\/div>\n\n\n\n<div class=\"wp-block-columns container is-layout-flex wp-container-core-columns-is-layout-28f84493 wp-block-columns-is-layout-flex\">\n<div class=\"wp-block-column col-md-5 is-layout-flow wp-block-column-is-layout-flow\">\n<div style=\"height:55px\" aria-hidden=\"true\" class=\"wp-block-spacer\"><\/div>\n\n\n\n<h2 class=\"wp-block-heading\">About Hestia<\/h2>\n\n\n\n<p>Need more details? Please check our full documentation for detailed information on how to use Hestia.<\/p>\n<\/div>\n\n\n\n<div class=\"wp-block-column col-md-6 col-md-offset1 is-layout-flow wp-block-column-is-layout-flow\">\n<div style=\"height:55px\" aria-hidden=\"true\" class=\"wp-block-spacer\"><\/div>\n\n\n\n<figure class=\"wp-block-image size-large\"><img decoding=\"async\" src=\"https:\/\/rozwojnaprzyszlosc.pl\/wp-content\/themes\/hestia\/assets\/img\/about-content.png\" alt=\"\" class=\"wp-image-81\"\/><\/figure>\n\n\n\n<p><\/p>\n<\/div>\n<\/div>\n","protected":false},"excerpt":{"rendered":"<p>About Hestia Need more details? Please check our full documentation for detailed information on how to use Hestia.<\/p>\n","protected":false},"author":1,"featured_media":0,"parent":0,"menu_order":0,"comment_status":"closed","ping_status":"closed","template":"","meta":{"footnotes":""},"class_list":["post-32","page","type-page","status-publish","hentry"],"yoast_head":"<!-- This site is optimized with the Yoast SEO plugin v23.7 - https:\/\/yoast.com\/wordpress\/plugins\/seo\/ -->\n<title>Strona g\u0142\u00f3wna -<\/title>\n<meta name=\"robots\" content=\"index, follow, max-snippet:-1, max-image-preview:large, max-video-preview:-1\" \/>\n<link rel=\"canonical\" href=\"http:\/\/rozwojnaprzyszlosc.pl\/\" \/>\n<meta property=\"og:locale\" content=\"en_US\" \/>\n<meta property=\"og:type\" content=\"article\" \/>\n<meta property=\"og:title\" content=\"Strona g\u0142\u00f3wna -\" \/>\n<meta property=\"og:description\" content=\"About Hestia Need more details? Please check our full documentation for detailed information on how to use Hestia.\" \/>\n<meta property=\"og:url\" content=\"http:\/\/rozwojnaprzyszlosc.pl\/\" \/>\n<meta property=\"article:modified_time\" content=\"2024-10-25T12:08:31+00:00\" \/>\n<meta property=\"og:image\" content=\"https:\/\/rozwojnaprzyszlosc.pl\/wp-content\/themes\/hestia\/assets\/img\/feat1.png\" \/>\n<meta name=\"twitter:card\" content=\"summary_large_image\" \/>\n<meta name=\"twitter:label1\" content=\"Est. reading time\" \/>\n\t<meta name=\"twitter:data1\" content=\"2 minutes\" \/>\n<script type=\"application\/ld+json\" class=\"yoast-schema-graph\">{\"@context\":\"https:\/\/schema.org\",\"@graph\":[{\"@type\":\"WebPage\",\"@id\":\"http:\/\/rozwojnaprzyszlosc.pl\/\",\"url\":\"http:\/\/rozwojnaprzyszlosc.pl\/\",\"name\":\"Strona g\u0142\u00f3wna -\",\"isPartOf\":{\"@id\":\"http:\/\/rozwojnaprzyszlosc.pl\/#website\"},\"primaryImageOfPage\":{\"@id\":\"http:\/\/rozwojnaprzyszlosc.pl\/#primaryimage\"},\"image\":{\"@id\":\"http:\/\/rozwojnaprzyszlosc.pl\/#primaryimage\"},\"thumbnailUrl\":\"https:\/\/rozwojnaprzyszlosc.pl\/wp-content\/themes\/hestia\/assets\/img\/feat1.png\",\"datePublished\":\"2024-10-25T10:34:32+00:00\",\"dateModified\":\"2024-10-25T12:08:31+00:00\",\"breadcrumb\":{\"@id\":\"http:\/\/rozwojnaprzyszlosc.pl\/#breadcrumb\"},\"inLanguage\":\"en-US\",\"potentialAction\":[{\"@type\":\"ReadAction\",\"target\":[\"http:\/\/rozwojnaprzyszlosc.pl\/\"]}]},{\"@type\":\"ImageObject\",\"inLanguage\":\"en-US\",\"@id\":\"http:\/\/rozwojnaprzyszlosc.pl\/#primaryimage\",\"url\":\"\",\"contentUrl\":\"\"},{\"@type\":\"BreadcrumbList\",\"@id\":\"http:\/\/rozwojnaprzyszlosc.pl\/#breadcrumb\",\"itemListElement\":[{\"@type\":\"ListItem\",\"position\":1,\"name\":\"Home\",\"item\":\"http:\/\/rozwojnaprzyszlosc.pl\/\"},{\"@type\":\"ListItem\",\"position\":2,\"name\":\"Strona g\u0142\u00f3wna\"}]},{\"@type\":\"WebSite\",\"@id\":\"http:\/\/rozwojnaprzyszlosc.pl\/#website\",\"url\":\"http:\/\/rozwojnaprzyszlosc.pl\/\",\"name\":\"\",\"description\":\"\",\"potentialAction\":[{\"@type\":\"SearchAction\",\"target\":{\"@type\":\"EntryPoint\",\"urlTemplate\":\"http:\/\/rozwojnaprzyszlosc.pl\/?s={search_term_string}\"},\"query-input\":{\"@type\":\"PropertyValueSpecification\",\"valueRequired\":true,\"valueName\":\"search_term_string\"}}],\"inLanguage\":\"en-US\"}]}<\/script>\n<!-- \/ Yoast SEO plugin. -->","yoast_head_json":{"title":"Strona g\u0142\u00f3wna -","robots":{"index":"index","follow":"follow","max-snippet":"max-snippet:-1","max-image-preview":"max-image-preview:large","max-video-preview":"max-video-preview:-1"},"canonical":"http:\/\/rozwojnaprzyszlosc.pl\/","og_locale":"en_US","og_type":"article","og_title":"Strona g\u0142\u00f3wna -","og_description":"About Hestia Need more details? Please check our full documentation for detailed information on how to use Hestia.","og_url":"http:\/\/rozwojnaprzyszlosc.pl\/","article_modified_time":"2024-10-25T12:08:31+00:00","og_image":[{"url":"https:\/\/rozwojnaprzyszlosc.pl\/wp-content\/themes\/hestia\/assets\/img\/feat1.png"}],"twitter_card":"summary_large_image","twitter_misc":{"Est. reading time":"2 minutes"},"schema":{"@context":"https:\/\/schema.org","@graph":[{"@type":"WebPage","@id":"http:\/\/rozwojnaprzyszlosc.pl\/","url":"http:\/\/rozwojnaprzyszlosc.pl\/","name":"Strona g\u0142\u00f3wna -","isPartOf":{"@id":"http:\/\/rozwojnaprzyszlosc.pl\/#website"},"primaryImageOfPage":{"@id":"http:\/\/rozwojnaprzyszlosc.pl\/#primaryimage"},"image":{"@id":"http:\/\/rozwojnaprzyszlosc.pl\/#primaryimage"},"thumbnailUrl":"https:\/\/rozwojnaprzyszlosc.pl\/wp-content\/themes\/hestia\/assets\/img\/feat1.png","datePublished":"2024-10-25T10:34:32+00:00","dateModified":"2024-10-25T12:08:31+00:00","breadcrumb":{"@id":"http:\/\/rozwojnaprzyszlosc.pl\/#breadcrumb"},"inLanguage":"en-US","potentialAction":[{"@type":"ReadAction","target":["http:\/\/rozwojnaprzyszlosc.pl\/"]}]},{"@type":"ImageObject","inLanguage":"en-US","@id":"http:\/\/rozwojnaprzyszlosc.pl\/#primaryimage","url":"","contentUrl":""},{"@type":"BreadcrumbList","@id":"http:\/\/rozwojnaprzyszlosc.pl\/#breadcrumb","itemListElement":[{"@type":"ListItem","position":1,"name":"Home","item":"http:\/\/rozwojnaprzyszlosc.pl\/"},{"@type":"ListItem","position":2,"name":"Strona g\u0142\u00f3wna"}]},{"@type":"WebSite","@id":"http:\/\/rozwojnaprzyszlosc.pl\/#website","url":"http:\/\/rozwojnaprzyszlosc.pl\/","name":"","description":"","potentialAction":[{"@type":"SearchAction","target":{"@type":"EntryPoint","urlTemplate":"http:\/\/rozwojnaprzyszlosc.pl\/?s={search_term_string}"},"query-input":{"@type":"PropertyValueSpecification","valueRequired":true,"valueName":"search_term_string"}}],"inLanguage":"en-US"}]}},"_links":{"self":[{"href":"http:\/\/rozwojnaprzyszlosc.pl\/index.php?rest_route=\/wp\/v2\/pages\/32","targetHints":{"allow":["GET"]}}],"collection":[{"href":"http:\/\/rozwojnaprzyszlosc.pl\/index.php?rest_route=\/wp\/v2\/pages"}],"about":[{"href":"http:\/\/rozwojnaprzyszlosc.pl\/index.php?rest_route=\/wp\/v2\/types\/page"}],"author":[{"embeddable":true,"href":"http:\/\/rozwojnaprzyszlosc.pl\/index.php?rest_route=\/wp\/v2\/users\/1"}],"replies":[{"embeddable":true,"href":"http:\/\/rozwojnaprzyszlosc.pl\/index.php?rest_route=%2Fwp%2Fv2%2Fcomments&post=32"}],"version-history":[{"count":2,"href":"http:\/\/rozwojnaprzyszlosc.pl\/index.php?rest_route=\/wp\/v2\/pages\/32\/revisions"}],"predecessor-version":[{"id":76,"href":"http:\/\/rozwojnaprzyszlosc.pl\/index.php?rest_route=\/wp\/v2\/pages\/32\/revisions\/76"}],"wp:attachment":[{"href":"http:\/\/rozwojnaprzyszlosc.pl\/index.php?rest_route=%2Fwp%2Fv2%2Fmedia&parent=32"}],"curies":[{"name":"wp","href":"https:\/\/api.w.org\/{rel}","templated":true}]}}